{"id":9,"date":"2012-10-27T12:35:17","date_gmt":"2012-10-27T12:35:17","guid":{"rendered":"http:\/\/www.andreaferrari.at\/lebensberatung\/?page_id=9"},"modified":"2014-02-12T18:22:38","modified_gmt":"2014-02-12T18:22:38","slug":"betriebliche-gesundheitsvorsorge","status":"publish","type":"page","link":"https:\/\/www.andreaferrari.at\/lebensberatung\/?page_id=9","title":{"rendered":"Betriebliche Gesundheitsf\u00f6rderung"},"content":{"rendered":"<p>BGF ist eine moderne Unternehmensstrategie mit dem Ziel, Krankheiten vorzubeugen, die <strong>Gesundheit<\/strong> zu st\u00e4rken und das <strong>Wohlbefinden<\/strong> der MitarbeiterInnen zu verbessern.<\/p>\n<p><strong>Betriebliche Gesundheitsf\u00f6rderung <\/strong>umfasst alle Ma\u00dfnahmen zur Verbesserung von Gesundheit und Wohlbefinden am Arbeitsplatz. Bei der Durchf\u00fchrung eines ganz auf die individuellen Bed\u00fcrfnisse Ihres Betriebes abgestimmten Projekts unterst\u00fctze ich Sie bei der IST-Analyse, der Planung und Umsetzung.<\/p>\n<p><strong>Ziele:\u00a0<\/strong><\/p>\n<ul>\n<li>Verbesserung von Arbeitsklima und -zufriedenheit<\/li>\n<li>Steigerung der Produkivit\u00e4t<\/li>\n<li>Reduktion von Fluktuation<\/li>\n<li>Reduktion von Fehlzeiten<\/li>\n<li>Attraktive Arbeitspl\u00e4tze &#8211; gutes Unternehmensimage<\/li>\n<\/ul>\n<p>Als Werkzeuge f\u00fcr die IST-Erhebung dienen\u00a0u.a. eine 24-st\u00fcndige Herzfrequenzmessung (Lebensfeuer\u00ae) oder die Befragung mittels Arbeitsbew\u00e4ltigungs-Coaching<\/p>\n<p>&nbsp;<\/p>\n<p>&nbsp;<\/p>\n<p>&nbsp;<\/p>\n","protected":false},"excerpt":{"rendered":"<p>BGF ist eine moderne Unternehmensstrategie mit dem Ziel, Krankheiten vorzubeugen, die Gesundheit zu st\u00e4rken und das Wohlbefinden der MitarbeiterInnen zu verbessern. Betriebliche Gesundheitsf\u00f6rderung umfasst alle Ma\u00dfnahmen zur Verbesserung von Gesundheit und Wohlbefinden am Arbeitsplatz. Bei der Durchf\u00fchrung eines ganz auf &hellip; <a href=\"https:\/\/www.andreaferrari.at\/lebensberatung\/?page_id=9\">Weiterlesen <span class=\"meta-nav\">&rarr;<\/span><\/a><\/p>\n","protected":false},"author":1,"featured_media":0,"parent":0,"menu_order":0,"comment_status":"open","ping_status":"open","template":"","meta":[],"_links":{"self":[{"href":"https:\/\/www.andreaferrari.at\/lebensberatung\/index.php?rest_route=\/wp\/v2\/pages\/9"}],"collection":[{"href":"https:\/\/www.andreaferrari.at\/lebensberatung\/index.php?rest_route=\/wp\/v2\/pages"}],"about":[{"href":"https:\/\/www.andreaferrari.at\/lebensberatung\/index.php?rest_route=\/wp\/v2\/types\/page"}],"author":[{"embeddable":true,"href":"https:\/\/www.andreaferrari.at\/lebensberatung\/index.php?rest_route=\/wp\/v2\/users\/1"}],"replies":[{"embeddable":true,"href":"https:\/\/www.andreaferrari.at\/lebensberatung\/index.php?rest_route=%2Fwp%2Fv2%2Fcomments&post=9"}],"version-history":[{"count":7,"href":"https:\/\/www.andreaferrari.at\/lebensberatung\/index.php?rest_route=\/wp\/v2\/pages\/9\/revisions"}],"predecessor-version":[{"id":195,"href":"https:\/\/www.andreaferrari.at\/lebensberatung\/index.php?rest_route=\/wp\/v2\/pages\/9\/revisions\/195"}],"wp:attachment":[{"href":"https:\/\/www.andreaferrari.at\/lebensberatung\/index.php?rest_route=%2Fwp%2Fv2%2Fmedia&parent=9"}],"curies":[{"name":"wp","href":"https:\/\/api.w.org\/{rel}","templated":true}]}}