{"id":63,"date":"2012-11-02T09:06:58","date_gmt":"2012-11-02T09:06:58","guid":{"rendered":"http:\/\/www.andreaferrari.at\/lebensberatung\/?page_id=63"},"modified":"2014-02-12T10:01:11","modified_gmt":"2014-02-12T10:01:11","slug":"schwerpunkte","status":"publish","type":"page","link":"https:\/\/www.andreaferrari.at\/lebensberatung\/?page_id=63","title":{"rendered":"Schwerpunkte"},"content":{"rendered":"<p><strong>Unterst\u00fctzung, Beratung <\/strong>und <strong>Begleitung <\/strong>bei:<\/p>\n<ul>\n<li>Lebenskrisen &#8211; \u00dcbergang in einen neuen Lebensabschnitt<br \/>\n(Partnerschaft, Erziehung, Trennung,&#8230;.)<\/li>\n<li>Alte Werte \u00fcberdenken und neue finden<\/li>\n<li>Coaching im beruflichen Kontext<br \/>\n(Konfliktmanagement, Kommunikation, Karriere,&#8230;.)<\/li>\n<li>Konflikte im famili\u00e4ren Umfeld (Aufstellungen mit dem Systembrett)<\/li>\n<li>Gesundheit &#8211; Coaching mit Hilfe der Lebensfeuer-Messung (24-st\u00fcndige Herzfrequenzmessung)<\/li>\n<\/ul>\n","protected":false},"excerpt":{"rendered":"<p>Unterst\u00fctzung, Beratung und Begleitung bei: Lebenskrisen &#8211; \u00dcbergang in einen neuen Lebensabschnitt (Partnerschaft, Erziehung, Trennung,&#8230;.) Alte Werte \u00fcberdenken und neue finden Coaching im beruflichen Kontext (Konfliktmanagement, Kommunikation, Karriere,&#8230;.) Konflikte im famili\u00e4ren Umfeld (Aufstellungen mit dem Systembrett) Gesundheit &#8211; Coaching mit &hellip; <a href=\"https:\/\/www.andreaferrari.at\/lebensberatung\/?page_id=63\">Weiterlesen <span class=\"meta-nav\">&rarr;<\/span><\/a><\/p>\n","protected":false},"author":1,"featured_media":0,"parent":61,"menu_order":0,"comment_status":"closed","ping_status":"closed","template":"","meta":[],"_links":{"self":[{"href":"https:\/\/www.andreaferrari.at\/lebensberatung\/index.php?rest_route=\/wp\/v2\/pages\/63"}],"collection":[{"href":"https:\/\/www.andreaferrari.at\/lebensberatung\/index.php?rest_route=\/wp\/v2\/pages"}],"about":[{"href":"https:\/\/www.andreaferrari.at\/lebensberatung\/index.php?rest_route=\/wp\/v2\/types\/page"}],"author":[{"embeddable":true,"href":"https:\/\/www.andreaferrari.at\/lebensberatung\/index.php?rest_route=\/wp\/v2\/users\/1"}],"replies":[{"embeddable":true,"href":"https:\/\/www.andreaferrari.at\/lebensberatung\/index.php?rest_route=%2Fwp%2Fv2%2Fcomments&post=63"}],"version-history":[{"count":11,"href":"https:\/\/www.andreaferrari.at\/lebensberatung\/index.php?rest_route=\/wp\/v2\/pages\/63\/revisions"}],"predecessor-version":[{"id":177,"href":"https:\/\/www.andreaferrari.at\/lebensberatung\/index.php?rest_route=\/wp\/v2\/pages\/63\/revisions\/177"}],"up":[{"embeddable":true,"href":"https:\/\/www.andreaferrari.at\/lebensberatung\/index.php?rest_route=\/wp\/v2\/pages\/61"}],"wp:attachment":[{"href":"https:\/\/www.andreaferrari.at\/lebensberatung\/index.php?rest_route=%2Fwp%2Fv2%2Fmedia&parent=63"}],"curies":[{"name":"wp","href":"https:\/\/api.w.org\/{rel}","templated":true}]}}