{"id":61,"date":"2012-11-02T09:06:36","date_gmt":"2012-11-02T09:06:36","guid":{"rendered":"http:\/\/www.andreaferrari.at\/lebensberatung\/?page_id=61"},"modified":"2015-01-31T13:01:35","modified_gmt":"2015-01-31T13:01:35","slug":"allgemein","status":"publish","type":"page","link":"https:\/\/www.andreaferrari.at\/lebensberatung\/?page_id=61","title":{"rendered":"Lebensberatung"},"content":{"rendered":"<p>Lebensberatung hilft,\u00a0Klarheit zu schaffen, eine Krise zu bew\u00e4ltigen, professionelle Unterst\u00fctzung und Begleitung zu erfahren, wenn Sie alleine nicht weiterkommen.<\/p>\n<p>Ich sehe meine Beratungst\u00e4tigkeit als Vorsorge. Noch bevor eine belastende Situation derart an Platz einnimmt, den ganzen Lebensablauf beeinflusst, im schlimmsten Fall sogar zu einer Erkrankung f\u00fchrt, gilt es gemeinsam was zu tun. Sie und ich. Hand in Hand. Sind Sie bereit?<\/p>\n<p>Weiter Information:<br \/>\n<a title=\"Meine Schwerpunkte\" href=\"http:\/\/www.andreaferrari.at\/lebensberatung\/?page_id=63\">Schwerpunkte<\/a><br \/>\n<a title=\"Rechtliche Information \" href=\"http:\/\/www.andreaferrari.at\/lebensberatung\/?page_id=65\">Rechtliches<\/a><\/p>\n","protected":false},"excerpt":{"rendered":"<p>Lebensberatung hilft,\u00a0Klarheit zu schaffen, eine Krise zu bew\u00e4ltigen, professionelle Unterst\u00fctzung und Begleitung zu erfahren, wenn Sie alleine nicht weiterkommen. Ich sehe meine Beratungst\u00e4tigkeit als Vorsorge. Noch bevor eine belastende Situation derart an Platz einnimmt, den ganzen Lebensablauf beeinflusst, im schlimmsten &hellip; <a href=\"https:\/\/www.andreaferrari.at\/lebensberatung\/?page_id=61\">Weiterlesen <span class=\"meta-nav\">&rarr;<\/span><\/a><\/p>\n","protected":false},"author":1,"featured_media":0,"parent":0,"menu_order":0,"comment_status":"closed","ping_status":"closed","template":"","meta":[],"_links":{"self":[{"href":"https:\/\/www.andreaferrari.at\/lebensberatung\/index.php?rest_route=\/wp\/v2\/pages\/61"}],"collection":[{"href":"https:\/\/www.andreaferrari.at\/lebensberatung\/index.php?rest_route=\/wp\/v2\/pages"}],"about":[{"href":"https:\/\/www.andreaferrari.at\/lebensberatung\/index.php?rest_route=\/wp\/v2\/types\/page"}],"author":[{"embeddable":true,"href":"https:\/\/www.andreaferrari.at\/lebensberatung\/index.php?rest_route=\/wp\/v2\/users\/1"}],"replies":[{"embeddable":true,"href":"https:\/\/www.andreaferrari.at\/lebensberatung\/index.php?rest_route=%2Fwp%2Fv2%2Fcomments&post=61"}],"version-history":[{"count":7,"href":"https:\/\/www.andreaferrari.at\/lebensberatung\/index.php?rest_route=\/wp\/v2\/pages\/61\/revisions"}],"predecessor-version":[{"id":215,"href":"https:\/\/www.andreaferrari.at\/lebensberatung\/index.php?rest_route=\/wp\/v2\/pages\/61\/revisions\/215"}],"wp:attachment":[{"href":"https:\/\/www.andreaferrari.at\/lebensberatung\/index.php?rest_route=%2Fwp%2Fv2%2Fmedia&parent=61"}],"curies":[{"name":"wp","href":"https:\/\/api.w.org\/{rel}","templated":true}]}}