{"id":225,"date":"2018-06-20T05:46:05","date_gmt":"2018-06-20T05:46:05","guid":{"rendered":"http:\/\/www.andreaferrari.at\/lebensberatung\/?page_id=225"},"modified":"2019-03-27T07:13:07","modified_gmt":"2019-03-27T07:13:07","slug":"datenschutz","status":"publish","type":"page","link":"https:\/\/www.andreaferrari.at\/lebensberatung\/?page_id=225","title":{"rendered":"Datenschutz"},"content":{"rendered":"<p id=\"heading__Datenschutzerklaerung_\">Der Schutz Ihrer pers\u00f6nlichen Daten ist uns ein besonderes Anliegen. Wir verarbeiten Ihre Daten daher ausschlie\u00dflich auf Grundlage der gesetzlichen Bestimmungen (DSGVO, TKG 2003). In diesen Datenschutzinformationen informieren wir Sie \u00fcber die wichtigsten Aspekte der Datenverarbeitung im Rahmen unserer Website.<\/p>\n<h3 id=\"heading_Kontakt_mit_uns\"><strong>Kontakt mit uns<\/strong><\/h3>\n<p>Wenn Sie per Formular auf der Website oder per E-Mail Kontakt mit uns aufnehmen, werden Ihre angegebenen Daten zwecks Bearbeitung der Anfrage und f\u00fcr den Fall von Anschlussfragen bei uns gespeichert. Diese Daten geben wir nicht ohne Ihre Einwilligung weiter.<\/p>\n<h4><strong>Web-Analyse<\/strong><\/h4>\n<p>Unsere Website verwendet Funktionen des Webanalysedienstes Google Analytics (Google LLC (\u201eGoogle\u201c), Amphitheatre Parkway, Mountain View, CA 94043, USA).\u00a0Dazu werden Cookies verwendet, die eine Analyse der Benutzung der Website durch Ihre Benutzer erm\u00f6glicht. Die dadurch erzeugten anonymisierten Informationen werden auf den Server des Anbieters \u00fcbertragen und dort gespeichert. Es kann nicht garantiert werden, dass die Daten nur auf Servern im europ\u00e4ischen Inland gespeichert werden.<\/p>\n<p>Sie k\u00f6nnen dies verhindern, indem Sie Ihren Browser so einrichten, dass keine Cookies gespeichert werden.<\/p>\n<p>Wir haben mit dem Anbieter einen entsprechenden Vertrag zur Auftragsdatenverarbeitung abgeschlossen.<\/p>\n<p>Ihre IP-Adresse wird erfasst, aber umgehend (durch L\u00f6schung der letzten 8 Bit) pseudonymisiert. Dadurch ist nur mehr eine grobe Lokalisierung m\u00f6glich.<\/p>\n<p>Die Beziehung zum Webanalyseanbieter basiert auf Google Analytics Zusatz zur Datenverarbeitung.<\/p>\n<p>Die Datenverarbeitung erfolgt auf Basis der gesetzlichen Bestimmungen des \u00a7 96 Abs 3 TKG sowie des Art 6 Abs 1 lit a (Einwilligung) und\/oder f\u00a0 der DSGVO.<\/p>\n<p>Unser Anliegen im Sinne der DSGVO ist die Verbesserung unseres Angebotes und unseres Webauftritts. Da uns die Privatsph\u00e4re unserer Nutzer wichtig ist, werden die Nutzerdaten pseudonymisiert.<\/p>\n<h3><strong>Ihre Rechte<\/strong><\/h3>\n<p>Ihnen stehen grunds\u00e4tzlich die Rechte auf Auskunft, Berichtigung, L\u00f6schung, Einschr\u00e4nkung, Daten\u00fcbertragbarkeit, Widerruf und Widerspruch zu. Wenn Sie glauben, dass die Verarbeitung Ihrer Daten gegen das Datenschutzrecht verst\u00f6\u00dft oder Ihre datenschutzrechtlichen Anspr\u00fcche sonst in einer Weise verletzt worden sind, k\u00f6nnen Sie sich bei der Aufsichtsbeh\u00f6rde beschweren. In \u00d6sterreich ist dies die Datenschutzbeh\u00f6rde.<\/p>\n<h3 id=\"heading_Sie_erreichen_uns_unter_folgenden_Kontaktdaten_\"><strong>Ihre M\u00f6glichkeiten<\/strong><\/h3>\n<p>Sie k\u00f6nnen die Erfassung durch Google Analytics verhindern, indem Sie auf folgenden Link klicken. Es wird ein Opt-Out-Cookie gesetzt, der die zuk\u00fcnftige Erfassung Ihrer Daten beim Besuch dieser Website verhindert:<\/p>\n<h3><strong>Google Analytics deaktivieren<\/strong><\/h3>\n<p>N\u00e4here Informationen zu Nutzungsbedingungen und Datenschutz finden Sie unter\u00a0<a href=\"http:\/\/www.google.com\/analytics\/terms\/de.html\" target=\"_blank\">http:\/\/www.google.com\/analytics\/terms\/de.html<\/a>\u00a0bzw. unter\u00a0<a href=\"http:\/\/www.google.at\/intl\/de\/policies\/privacy\/\">http:\/\/www.google.at\/intl\/de\/policies\/privacy\/<\/a>.<\/p>\n<h4><\/h4>\n<h4 id=\"heading_Sie_erreichen_uns_unter_folgenden_Kontaktdaten_\">Sie erreichen uns unter folgenden Kontaktdaten<\/h4>\n<p><strong>Andrea Ferrari<br \/>\n<\/strong>4491 Niederneukirchen, Gr\u00fcnes Dorf 22<br \/>\nTel: +43 676 617 92 93<a href=\"http:\/\/www.bibu.co.at\"><br \/>\n<\/a>E-Mail: office@andreaferrari.at<\/p>\n","protected":false},"excerpt":{"rendered":"<p>Der Schutz Ihrer pers\u00f6nlichen Daten ist uns ein besonderes Anliegen. Wir verarbeiten Ihre Daten daher ausschlie\u00dflich auf Grundlage der gesetzlichen Bestimmungen (DSGVO, TKG 2003). In diesen Datenschutzinformationen informieren wir Sie \u00fcber die wichtigsten Aspekte der Datenverarbeitung im Rahmen unserer Website. &hellip; <a href=\"https:\/\/www.andreaferrari.at\/lebensberatung\/?page_id=225\">Weiterlesen <span class=\"meta-nav\">&rarr;<\/span><\/a><\/p>\n","protected":false},"author":1,"featured_media":0,"parent":0,"menu_order":0,"comment_status":"closed","ping_status":"closed","template":"","meta":[],"_links":{"self":[{"href":"https:\/\/www.andreaferrari.at\/lebensberatung\/index.php?rest_route=\/wp\/v2\/pages\/225"}],"collection":[{"href":"https:\/\/www.andreaferrari.at\/lebensberatung\/index.php?rest_route=\/wp\/v2\/pages"}],"about":[{"href":"https:\/\/www.andreaferrari.at\/lebensberatung\/index.php?rest_route=\/wp\/v2\/types\/page"}],"author":[{"embeddable":true,"href":"https:\/\/www.andreaferrari.at\/lebensberatung\/index.php?rest_route=\/wp\/v2\/users\/1"}],"replies":[{"embeddable":true,"href":"https:\/\/www.andreaferrari.at\/lebensberatung\/index.php?rest_route=%2Fwp%2Fv2%2Fcomments&post=225"}],"version-history":[{"count":2,"href":"https:\/\/www.andreaferrari.at\/lebensberatung\/index.php?rest_route=\/wp\/v2\/pages\/225\/revisions"}],"predecessor-version":[{"id":234,"href":"https:\/\/www.andreaferrari.at\/lebensberatung\/index.php?rest_route=\/wp\/v2\/pages\/225\/revisions\/234"}],"wp:attachment":[{"href":"https:\/\/www.andreaferrari.at\/lebensberatung\/index.php?rest_route=%2Fwp%2Fv2%2Fmedia&parent=225"}],"curies":[{"name":"wp","href":"https:\/\/api.w.org\/{rel}","templated":true}]}}