{"id":17,"date":"2012-10-27T12:54:08","date_gmt":"2012-10-27T12:54:08","guid":{"rendered":"http:\/\/www.andreaferrari.at\/lebensberatung\/?page_id=17"},"modified":"2018-03-14T15:26:29","modified_gmt":"2018-03-14T15:26:29","slug":"start","status":"publish","type":"page","link":"https:\/\/www.andreaferrari.at\/lebensberatung\/","title":{"rendered":""},"content":{"rendered":"<p><a href=\"http:\/\/www.andreaferrari.at\/lebensberatung\/wp-content\/uploads\/06_FerrariAndrea.jpg\"><img class=\"alignright  wp-image-216\" alt=\"06_FerrariAndrea\" src=\"http:\/\/www.andreaferrari.at\/lebensberatung\/wp-content\/uploads\/06_FerrariAndrea-e1521039791360.jpg\" width=\"200\" \/><\/a>Herzlich Willkommen!<\/p>\n<p><a title=\"Lebensberatung\" href=\"http:\/\/www.andreaferrari.at\/lebensberatung\/?page_id=61\">Lebensberatung<\/a>, <a title=\"Supervision\" href=\"http:\/\/www.andreaferrari.at\/lebensberatung\/?page_id=27\">Supervision<\/a>, <a title=\"Gesundheitscoaching\" href=\"http:\/\/www.andreaferrari.at\/lebensberatung\/?page_id=5\">Gesundheitscoaching<\/a> oder <a title=\"Betriebliche Gesundheitsf\u00f6rderung\" href=\"http:\/\/www.andreaferrari.at\/lebensberatung\/?page_id=9\">betriebliche Gesundheitsf\u00f6rderung<\/a> &#8211; hier erfahren Sie, wie ich Sie begleite und unterst\u00fctze, wie wir gemeinsam individuelle L\u00f6sungen erarbeiten.<\/p>\n<p>Informieren\u00a0Sie sich auf den folgenden Seiten \u00fcber Wege, wie es besser laufen k\u00f6nnte \u2013 ich bin gerne f\u00fcr Sie da!<\/p>\n<p>&nbsp;<\/p>\n","protected":false},"excerpt":{"rendered":"<p>Herzlich Willkommen! Lebensberatung, Supervision, Gesundheitscoaching oder betriebliche Gesundheitsf\u00f6rderung &#8211; hier erfahren Sie, wie ich Sie begleite und unterst\u00fctze, wie wir gemeinsam individuelle L\u00f6sungen erarbeiten. Informieren\u00a0Sie sich auf den folgenden Seiten \u00fcber Wege, wie es besser laufen k\u00f6nnte \u2013 ich bin &hellip; <a href=\"https:\/\/www.andreaferrari.at\/lebensberatung\/\">Weiterlesen <span class=\"meta-nav\">&rarr;<\/span><\/a><\/p>\n","protected":false},"author":1,"featured_media":0,"parent":0,"menu_order":0,"comment_status":"closed","ping_status":"closed","template":"","meta":[],"_links":{"self":[{"href":"https:\/\/www.andreaferrari.at\/lebensberatung\/index.php?rest_route=\/wp\/v2\/pages\/17"}],"collection":[{"href":"https:\/\/www.andreaferrari.at\/lebensberatung\/index.php?rest_route=\/wp\/v2\/pages"}],"about":[{"href":"https:\/\/www.andreaferrari.at\/lebensberatung\/index.php?rest_route=\/wp\/v2\/types\/page"}],"author":[{"embeddable":true,"href":"https:\/\/www.andreaferrari.at\/lebensberatung\/index.php?rest_route=\/wp\/v2\/users\/1"}],"replies":[{"embeddable":true,"href":"https:\/\/www.andreaferrari.at\/lebensberatung\/index.php?rest_route=%2Fwp%2Fv2%2Fcomments&post=17"}],"version-history":[{"count":14,"href":"https:\/\/www.andreaferrari.at\/lebensberatung\/index.php?rest_route=\/wp\/v2\/pages\/17\/revisions"}],"predecessor-version":[{"id":218,"href":"https:\/\/www.andreaferrari.at\/lebensberatung\/index.php?rest_route=\/wp\/v2\/pages\/17\/revisions\/218"}],"wp:attachment":[{"href":"https:\/\/www.andreaferrari.at\/lebensberatung\/index.php?rest_route=%2Fwp%2Fv2%2Fmedia&parent=17"}],"curies":[{"name":"wp","href":"https:\/\/api.w.org\/{rel}","templated":true}]}}